{"id":80,"date":"2017-11-14T14:44:06","date_gmt":"2017-11-14T13:44:06","guid":{"rendered":"http:\/\/aux-4-elements.ch\/2017\/?page_id=80"},"modified":"2021-07-19T09:09:46","modified_gmt":"2021-07-19T07:09:46","slug":"homepage","status":"publish","type":"page","link":"https:\/\/www.aux-4-elements.ch\/de\/","title":{"rendered":"Willkommen im &#8222;Aux 4 \u00e9l\u00e9ments&#8220;"},"content":{"rendered":"\n<h3><span style=\"background-color: #ffff00; color: #0000ff;\"><strong><span style=\"background-color: #ccffcc;\">Nach mehrere Monate mit geschlossene T\u00fcre infolge CORONA Krise, ist das Schwimmbad wieder seit 12. Juli 2021 er\u00f6ffnet.<\/span><\/strong><\/span><\/h3>\n\n\n\n<p>Im Jahre 2003, war auch\nich unterwegs auf dem Jakobsweg, zwischen Ani\u00e8res (Kt. Genf) und St Antoine\nl\u2019Abbaye (Jakobsweg von Arles Frankreich) und tr\u00e4umte von&nbsp;\u00bbEinem Haus mit G\u00e4stezimmern!\u00ab\nZu diesem Zeitpunkt wusste ich nat\u00fcrlich noch nicht, dass dieser Traum einmal Wirklichkeit\nwerden w\u00fcrde, und ich eine Gelegenheit nutzen w\u00fcrde&#8230; An einem Fr\u00fchlingstag im\nJahre 2006, w\u00e4hrend mein beruflicher Horizont sehr chaotisch war, wuchs mein\npers\u00f6nliches Projekt und begann Form anzunehmen. Mich endlich niederzulassen!&nbsp; ein Haus zu kaufen auf dem Pilgerweg zwischen\nFreiburg und Romont, mit einem oder zwei G\u00e4stezimmern, damit ich meinerseits,\nPilger und Pilgerinnen empfangen kann.<\/p>\n\n\n\n<p>Das M\u00e4rchen wurde wahr\nmit dem Kauf eines alten Bauernhauses, in Autigny, im Juni 2006 und war noch\nsch\u00f6ner als in meinen k\u00fchnsten Tr\u00e4umen.<\/p>\n\n\n\n<p>Nach einigen\nRenovierungs- und Ausbauarbeiten k\u00f6nnen wir heute unsere T\u00fcre \u00f6ffnen, unsere\nG\u00e4ste bequem empfangen, ohne Luxus, schlicht\nund einfach, und ohne grosse Umst\u00e4nde\u2026 so dass Sie sich wie\nzu Hause f\u00fchlen.<\/p>\n\n\n\n<p>Ein Traum folgt dem anderen \u2026 und\nes entstand unser AquaSoins Bereich.<\/p>\n\n\n\n<p>Die G\u00e4ste k\u00f6nnen die Badeanlage\n(Pool) mit D\u00fcsen und Gegenstromschwimmanlage benutzen und sich entspannen.<\/p>\n\n\n\n<p>F\u00fcr die Bewohner der Umgebung stehen Wassergymnastik- und Aquabikekurse mit oder ohne Animation im Angebot.<\/p>\n\n\n\n<p>Im weiteren Programm stehen Kurse\nf\u00fcr Babyschwimmer, aquatische Osteopathie, Watsu (Wasser Relaxation). Gerne\ngeben wir Ihnen dazu weitere Ausk\u00fcnfte.<\/p>\n\n\n\n<p>Herzlich Willkommen im \u00ab <strong><em>Aux 4 El\u00e9ments\u00bb<\/em><\/strong>, bei\nDominique und Lucien<\/p>\n\n\n\n\n","protected":false},"excerpt":{"rendered":"<p>Nach mehrere Monate mit geschlossene T\u00fcre infolge CORONA Krise, ist das Schwimmbad wieder seit 12. Juli 2021 er\u00f6ffnet. Im Jahre 2003, war auch ich unterwegs auf dem Jakobsweg, zwischen Ani\u00e8res (Kt. Genf) und St Antoine l\u2019Abbaye (Jakobsweg von Arles Frankreich) und tr\u00e4umte von&nbsp;\u00bbEinem Haus mit G\u00e4stezimmern!\u00ab Zu diesem Zeitpunkt wusste ich nat\u00fcrlich noch nicht, dass &hellip; <a href=\"https:\/\/www.aux-4-elements.ch\/de\/\" class=\"more-link\"><span class=\"screen-reader-text\">Willkommen im &#8222;Aux 4 \u00e9l\u00e9ments&#8220;<\/span> weiterlesen <span class=\"meta-nav\">&rarr;<\/span><\/a><\/p>\n","protected":false},"author":5,"featured_media":0,"parent":0,"menu_order":0,"comment_status":"closed","ping_status":"closed","template":"","meta":{"_acf_changed":false,"_monsterinsights_skip_tracking":false,"_monsterinsights_sitenote_active":false,"_monsterinsights_sitenote_note":"","_monsterinsights_sitenote_category":0,"ngg_post_thumbnail":0,"footnotes":""},"class_list":["post-80","page","type-page","status-publish","hentry"],"acf":[],"yoast_head":"<!-- This site is optimized with the Yoast SEO plugin v27.4 - https:\/\/yoast.com\/product\/yoast-seo-wordpress\/ -->\n<title>Willkommen im &quot;Aux 4 \u00e9l\u00e9ments&quot; - Aux 4 \u00e9l\u00e9ments<\/title>\n<meta name=\"robots\" content=\"index, follow, max-snippet:-1, max-image-preview:large, max-video-preview:-1\" \/>\n<link rel=\"canonical\" href=\"https:\/\/www.aux-4-elements.ch\/de\/\" \/>\n<meta property=\"og:locale\" content=\"de_DE\" \/>\n<meta property=\"og:type\" content=\"article\" \/>\n<meta property=\"og:title\" content=\"Willkommen im &quot;Aux 4 \u00e9l\u00e9ments&quot; - Aux 4 \u00e9l\u00e9ments\" \/>\n<meta property=\"og:description\" content=\"Nach mehrere Monate mit geschlossene T\u00fcre infolge CORONA Krise, ist das Schwimmbad wieder seit 12. Juli 2021 er\u00f6ffnet. Im Jahre 2003, war auch ich unterwegs auf dem Jakobsweg, zwischen Ani\u00e8res (Kt. Genf) und St Antoine l\u2019Abbaye (Jakobsweg von Arles Frankreich) und tr\u00e4umte von&nbsp;\u00bbEinem Haus mit G\u00e4stezimmern!\u00ab Zu diesem Zeitpunkt wusste ich nat\u00fcrlich noch nicht, dass &hellip; Willkommen im &#8222;Aux 4 \u00e9l\u00e9ments&#8220; weiterlesen &rarr;\" \/>\n<meta property=\"og:url\" content=\"https:\/\/www.aux-4-elements.ch\/de\/\" \/>\n<meta property=\"og:site_name\" content=\"Aux 4 \u00e9l\u00e9ments\" \/>\n<meta property=\"article:modified_time\" content=\"2021-07-19T07:09:46+00:00\" \/>\n<meta name=\"twitter:card\" content=\"summary_large_image\" \/>\n<meta name=\"twitter:label1\" content=\"Gesch\u00e4tzte Lesezeit\" \/>\n\t<meta name=\"twitter:data1\" content=\"2\u00a0Minuten\" \/>\n<script type=\"application\/ld+json\" class=\"yoast-schema-graph\">{\"@context\":\"https:\\\/\\\/schema.org\",\"@graph\":[{\"@type\":\"WebPage\",\"@id\":\"https:\\\/\\\/www.aux-4-elements.ch\\\/de\\\/\",\"url\":\"https:\\\/\\\/www.aux-4-elements.ch\\\/de\\\/\",\"name\":\"Willkommen im \\\"Aux 4 \u00e9l\u00e9ments\\\" - Aux 4 \u00e9l\u00e9ments\",\"isPartOf\":{\"@id\":\"https:\\\/\\\/www.aux-4-elements.ch\\\/de\\\/#website\"},\"datePublished\":\"2017-11-14T13:44:06+00:00\",\"dateModified\":\"2021-07-19T07:09:46+00:00\",\"breadcrumb\":{\"@id\":\"https:\\\/\\\/www.aux-4-elements.ch\\\/de\\\/#breadcrumb\"},\"inLanguage\":\"de\",\"potentialAction\":[{\"@type\":\"ReadAction\",\"target\":[\"https:\\\/\\\/www.aux-4-elements.ch\\\/de\\\/\"]}]},{\"@type\":\"BreadcrumbList\",\"@id\":\"https:\\\/\\\/www.aux-4-elements.ch\\\/de\\\/#breadcrumb\",\"itemListElement\":[{\"@type\":\"ListItem\",\"position\":1,\"name\":\"Accueil\",\"item\":\"https:\\\/\\\/www.aux-4-elements.ch\\\/de\\\/\"},{\"@type\":\"ListItem\",\"position\":2,\"name\":\"Willkommen im &#8222;Aux 4 \u00e9l\u00e9ments&#8220;\"}]},{\"@type\":\"WebSite\",\"@id\":\"https:\\\/\\\/www.aux-4-elements.ch\\\/de\\\/#website\",\"url\":\"https:\\\/\\\/www.aux-4-elements.ch\\\/de\\\/\",\"name\":\"Aux 4 \u00e9l\u00e9ments\",\"description\":\"Chambres d&#039;h\u00f4tes\",\"potentialAction\":[{\"@type\":\"SearchAction\",\"target\":{\"@type\":\"EntryPoint\",\"urlTemplate\":\"https:\\\/\\\/www.aux-4-elements.ch\\\/de\\\/?s={search_term_string}\"},\"query-input\":{\"@type\":\"PropertyValueSpecification\",\"valueRequired\":true,\"valueName\":\"search_term_string\"}}],\"inLanguage\":\"de\"}]}<\/script>\n<!-- \/ Yoast SEO plugin. -->","yoast_head_json":{"title":"Willkommen im \"Aux 4 \u00e9l\u00e9ments\" - Aux 4 \u00e9l\u00e9ments","robots":{"index":"index","follow":"follow","max-snippet":"max-snippet:-1","max-image-preview":"max-image-preview:large","max-video-preview":"max-video-preview:-1"},"canonical":"https:\/\/www.aux-4-elements.ch\/de\/","og_locale":"de_DE","og_type":"article","og_title":"Willkommen im \"Aux 4 \u00e9l\u00e9ments\" - Aux 4 \u00e9l\u00e9ments","og_description":"Nach mehrere Monate mit geschlossene T\u00fcre infolge CORONA Krise, ist das Schwimmbad wieder seit 12. Juli 2021 er\u00f6ffnet. Im Jahre 2003, war auch ich unterwegs auf dem Jakobsweg, zwischen Ani\u00e8res (Kt. Genf) und St Antoine l\u2019Abbaye (Jakobsweg von Arles Frankreich) und tr\u00e4umte von&nbsp;\u00bbEinem Haus mit G\u00e4stezimmern!\u00ab Zu diesem Zeitpunkt wusste ich nat\u00fcrlich noch nicht, dass &hellip; Willkommen im &#8222;Aux 4 \u00e9l\u00e9ments&#8220; weiterlesen &rarr;","og_url":"https:\/\/www.aux-4-elements.ch\/de\/","og_site_name":"Aux 4 \u00e9l\u00e9ments","article_modified_time":"2021-07-19T07:09:46+00:00","twitter_card":"summary_large_image","twitter_misc":{"Gesch\u00e4tzte Lesezeit":"2\u00a0Minuten"},"schema":{"@context":"https:\/\/schema.org","@graph":[{"@type":"WebPage","@id":"https:\/\/www.aux-4-elements.ch\/de\/","url":"https:\/\/www.aux-4-elements.ch\/de\/","name":"Willkommen im \"Aux 4 \u00e9l\u00e9ments\" - Aux 4 \u00e9l\u00e9ments","isPartOf":{"@id":"https:\/\/www.aux-4-elements.ch\/de\/#website"},"datePublished":"2017-11-14T13:44:06+00:00","dateModified":"2021-07-19T07:09:46+00:00","breadcrumb":{"@id":"https:\/\/www.aux-4-elements.ch\/de\/#breadcrumb"},"inLanguage":"de","potentialAction":[{"@type":"ReadAction","target":["https:\/\/www.aux-4-elements.ch\/de\/"]}]},{"@type":"BreadcrumbList","@id":"https:\/\/www.aux-4-elements.ch\/de\/#breadcrumb","itemListElement":[{"@type":"ListItem","position":1,"name":"Accueil","item":"https:\/\/www.aux-4-elements.ch\/de\/"},{"@type":"ListItem","position":2,"name":"Willkommen im &#8222;Aux 4 \u00e9l\u00e9ments&#8220;"}]},{"@type":"WebSite","@id":"https:\/\/www.aux-4-elements.ch\/de\/#website","url":"https:\/\/www.aux-4-elements.ch\/de\/","name":"Aux 4 \u00e9l\u00e9ments","description":"Chambres d&#039;h\u00f4tes","potentialAction":[{"@type":"SearchAction","target":{"@type":"EntryPoint","urlTemplate":"https:\/\/www.aux-4-elements.ch\/de\/?s={search_term_string}"},"query-input":{"@type":"PropertyValueSpecification","valueRequired":true,"valueName":"search_term_string"}}],"inLanguage":"de"}]}},"_links":{"self":[{"href":"https:\/\/www.aux-4-elements.ch\/de\/wp-json\/wp\/v2\/pages\/80","targetHints":{"allow":["GET"]}}],"collection":[{"href":"https:\/\/www.aux-4-elements.ch\/de\/wp-json\/wp\/v2\/pages"}],"about":[{"href":"https:\/\/www.aux-4-elements.ch\/de\/wp-json\/wp\/v2\/types\/page"}],"author":[{"embeddable":true,"href":"https:\/\/www.aux-4-elements.ch\/de\/wp-json\/wp\/v2\/users\/5"}],"replies":[{"embeddable":true,"href":"https:\/\/www.aux-4-elements.ch\/de\/wp-json\/wp\/v2\/comments?post=80"}],"version-history":[{"count":0,"href":"https:\/\/www.aux-4-elements.ch\/de\/wp-json\/wp\/v2\/pages\/80\/revisions"}],"wp:attachment":[{"href":"https:\/\/www.aux-4-elements.ch\/de\/wp-json\/wp\/v2\/media?parent=80"}],"curies":[{"name":"wp","href":"https:\/\/api.w.org\/{rel}","templated":true}]}}