{"id":131,"date":"2017-03-01T10:25:17","date_gmt":"2017-03-01T09:25:17","guid":{"rendered":"http:\/\/aux-4-elements.ch\/2017\/liens\/"},"modified":"2019-04-25T10:39:45","modified_gmt":"2019-04-25T08:39:45","slug":"link","status":"publish","type":"page","link":"https:\/\/www.aux-4-elements.ch\/de\/link\/","title":{"rendered":"Link"},"content":{"rendered":"\n<p><strong><em>Die Jakobswege<\/em><\/strong><\/p>\n\n\n\n<p><a href=\"http:\/\/www.viajacobi4.ch\">www.viajacobi4.ch<\/a><br><a rel=\"noreferrer noopener\" href=\"http:\/\/www.jakobsweg.ch\" target=\"_blank\">www.jakobsweg.ch<\/a><br><a rel=\"noreferrer noopener\" href=\"http:\/\/www.pilgerherberge.ch\" target=\"_blank\">www.pilgerherberge.ch<\/a><br><a rel=\"noreferrer noopener\" href=\"http:\/\/www.pilgerherberge-sg.ch\" target=\"_blank\">www.pilgerherberge-sg.ch<\/a><\/p>\n\n\n\n<p><strong><em>Aber auch \u00fcber unser Dorf und die Region&#8230;<\/em><\/strong><\/p>\n\n\n\n<p><a rel=\"noreferrer noopener\" aria-label=\"www.galerieyaqa.ch (s\u2019ouvre dans un nouvel onglet)\" href=\"http:\/\/www.galerieyaqa.ch\/\" target=\"_blank\">www.galerieyaqa.ch<\/a><br><a rel=\"noreferrer noopener\" href=\"http:\/\/www.arterre.ch\" target=\"_blank\">www.arterre.ch<\/a><br><a rel=\"noreferrer noopener\" href=\"http:\/\/www.musees-en-gruyere.ch\/?idnav=63\" target=\"_blank\">www.musees-en-gruyere.ch<\/a>\n\n\n<br><br><a rel=\"noreferrer noopener\" href=\"https:\/\/www.fribourgtourisme.ch\" target=\"_blank\">www.fribourgtourisme.ch<\/a>\n<br><a rel=\"noreferrer noopener\" href=\"\/2017\/wp-content\/uploads\/2019\/04\/gastfreundlich-keitsurkunde.pdf\" target=\"_blank\">Gastfreundlich-keitsurkunde &#8211; By my Guest<\/a>\n\n<br><br><a rel=\"noreferrer noopener\" href=\"https:\/\/www.romontregion.ch\" target=\"_blank\">www.romontregion.ch<\/a><\/p>\n\n\n\n<p><strong><em>Ein Dankesch\u00f6n an die Unternehmen die an dem Umbau wichtige Dienste geleistet haben:<\/em><\/strong><\/p>\n\n\n\n<ul class=\"wp-block-list\"><li>Christophe\nMauroux, terrassement<strong><em><\/em><\/strong><\/li><li>Fr\u00e9d\u00e9ric\nDemierre, ma\u00e7onnerie<strong><em><\/em><\/strong><\/li><li>Bruno\net Vincent Gachet SA, charpente-menuiserie<strong><em><\/em><\/strong><\/li><li>Charly\nVuarnoz, \u00e9lectricit\u00e9<strong><em><\/em><\/strong><\/li><li>Yvan\nMauroux, chauffage<strong><em><\/em><\/strong><\/li><li>Emmanuel\nClerc, sanitaire<strong><em><\/em><\/strong><\/li><li>St\u00e9phane\nClerc, serrurerie ClercM\u00e9tal<strong><em><\/em><\/strong><\/li><li>C\u00e9dric\nVuarnoz, peinture<strong><em><\/em><\/strong><\/li><li>Philippe\nBabey avec la collaboration de Aqua Solar AG, technique piscine<strong><em><\/em><\/strong><\/li><\/ul>\n","protected":false},"excerpt":{"rendered":"<p>Die Jakobswege www.viajacobi4.chwww.jakobsweg.chwww.pilgerherberge.chwww.pilgerherberge-sg.ch Aber auch \u00fcber unser Dorf und die Region&#8230; www.galerieyaqa.chwww.arterre.chwww.musees-en-gruyere.ch www.fribourgtourisme.ch Gastfreundlich-keitsurkunde &#8211; By my Guest www.romontregion.ch Ein Dankesch\u00f6n an die Unternehmen die an dem Umbau wichtige Dienste geleistet haben: Christophe Mauroux, terrassement Fr\u00e9d\u00e9ric Demierre, ma\u00e7onnerie Bruno et Vincent Gachet SA, charpente-menuiserie Charly Vuarnoz, \u00e9lectricit\u00e9 Yvan Mauroux, chauffage Emmanuel Clerc, sanitaire St\u00e9phane Clerc, &hellip; <a href=\"https:\/\/www.aux-4-elements.ch\/de\/link\/\" class=\"more-link\"><span class=\"screen-reader-text\">Link<\/span> weiterlesen <span class=\"meta-nav\">&rarr;<\/span><\/a><\/p>\n","protected":false},"author":5,"featured_media":0,"parent":0,"menu_order":0,"comment_status":"closed","ping_status":"closed","template":"","meta":{"_acf_changed":false,"_monsterinsights_skip_tracking":false,"_monsterinsights_sitenote_active":false,"_monsterinsights_sitenote_note":"","_monsterinsights_sitenote_category":0,"ngg_post_thumbnail":0,"footnotes":""},"class_list":["post-131","page","type-page","status-publish","hentry"],"acf":[],"yoast_head":"<!-- This site is optimized with the Yoast SEO plugin v27.3 - https:\/\/yoast.com\/product\/yoast-seo-wordpress\/ -->\n<title>Link - Aux 4 \u00e9l\u00e9ments<\/title>\n<meta name=\"robots\" content=\"index, follow, max-snippet:-1, max-image-preview:large, max-video-preview:-1\" \/>\n<link rel=\"canonical\" href=\"https:\/\/www.aux-4-elements.ch\/de\/link\/\" \/>\n<meta property=\"og:locale\" content=\"de_DE\" \/>\n<meta property=\"og:type\" content=\"article\" \/>\n<meta property=\"og:title\" content=\"Link - Aux 4 \u00e9l\u00e9ments\" \/>\n<meta property=\"og:description\" content=\"Die Jakobswege www.viajacobi4.chwww.jakobsweg.chwww.pilgerherberge.chwww.pilgerherberge-sg.ch Aber auch \u00fcber unser Dorf und die Region&#8230; www.galerieyaqa.chwww.arterre.chwww.musees-en-gruyere.ch www.fribourgtourisme.ch Gastfreundlich-keitsurkunde &#8211; By my Guest www.romontregion.ch Ein Dankesch\u00f6n an die Unternehmen die an dem Umbau wichtige Dienste geleistet haben: Christophe Mauroux, terrassement Fr\u00e9d\u00e9ric Demierre, ma\u00e7onnerie Bruno et Vincent Gachet SA, charpente-menuiserie Charly Vuarnoz, \u00e9lectricit\u00e9 Yvan Mauroux, chauffage Emmanuel Clerc, sanitaire St\u00e9phane Clerc, &hellip; Link weiterlesen &rarr;\" \/>\n<meta property=\"og:url\" content=\"https:\/\/www.aux-4-elements.ch\/de\/link\/\" \/>\n<meta property=\"og:site_name\" content=\"Aux 4 \u00e9l\u00e9ments\" \/>\n<meta property=\"article:modified_time\" content=\"2019-04-25T08:39:45+00:00\" \/>\n<meta name=\"twitter:card\" content=\"summary_large_image\" \/>\n<script type=\"application\/ld+json\" class=\"yoast-schema-graph\">{\"@context\":\"https:\\\/\\\/schema.org\",\"@graph\":[{\"@type\":\"WebPage\",\"@id\":\"https:\\\/\\\/www.aux-4-elements.ch\\\/de\\\/link\\\/\",\"url\":\"https:\\\/\\\/www.aux-4-elements.ch\\\/de\\\/link\\\/\",\"name\":\"Link - Aux 4 \u00e9l\u00e9ments\",\"isPartOf\":{\"@id\":\"https:\\\/\\\/www.aux-4-elements.ch\\\/de\\\/#website\"},\"datePublished\":\"2017-03-01T09:25:17+00:00\",\"dateModified\":\"2019-04-25T08:39:45+00:00\",\"breadcrumb\":{\"@id\":\"https:\\\/\\\/www.aux-4-elements.ch\\\/de\\\/link\\\/#breadcrumb\"},\"inLanguage\":\"de\",\"potentialAction\":[{\"@type\":\"ReadAction\",\"target\":[\"https:\\\/\\\/www.aux-4-elements.ch\\\/de\\\/link\\\/\"]}]},{\"@type\":\"BreadcrumbList\",\"@id\":\"https:\\\/\\\/www.aux-4-elements.ch\\\/de\\\/link\\\/#breadcrumb\",\"itemListElement\":[{\"@type\":\"ListItem\",\"position\":1,\"name\":\"Accueil\",\"item\":\"https:\\\/\\\/www.aux-4-elements.ch\\\/de\\\/\"},{\"@type\":\"ListItem\",\"position\":2,\"name\":\"Link\"}]},{\"@type\":\"WebSite\",\"@id\":\"https:\\\/\\\/www.aux-4-elements.ch\\\/de\\\/#website\",\"url\":\"https:\\\/\\\/www.aux-4-elements.ch\\\/de\\\/\",\"name\":\"Aux 4 \u00e9l\u00e9ments\",\"description\":\"Chambres d&#039;h\u00f4tes\",\"potentialAction\":[{\"@type\":\"SearchAction\",\"target\":{\"@type\":\"EntryPoint\",\"urlTemplate\":\"https:\\\/\\\/www.aux-4-elements.ch\\\/de\\\/?s={search_term_string}\"},\"query-input\":{\"@type\":\"PropertyValueSpecification\",\"valueRequired\":true,\"valueName\":\"search_term_string\"}}],\"inLanguage\":\"de\"}]}<\/script>\n<!-- \/ Yoast SEO plugin. -->","yoast_head_json":{"title":"Link - Aux 4 \u00e9l\u00e9ments","robots":{"index":"index","follow":"follow","max-snippet":"max-snippet:-1","max-image-preview":"max-image-preview:large","max-video-preview":"max-video-preview:-1"},"canonical":"https:\/\/www.aux-4-elements.ch\/de\/link\/","og_locale":"de_DE","og_type":"article","og_title":"Link - Aux 4 \u00e9l\u00e9ments","og_description":"Die Jakobswege www.viajacobi4.chwww.jakobsweg.chwww.pilgerherberge.chwww.pilgerherberge-sg.ch Aber auch \u00fcber unser Dorf und die Region&#8230; www.galerieyaqa.chwww.arterre.chwww.musees-en-gruyere.ch www.fribourgtourisme.ch Gastfreundlich-keitsurkunde &#8211; By my Guest www.romontregion.ch Ein Dankesch\u00f6n an die Unternehmen die an dem Umbau wichtige Dienste geleistet haben: Christophe Mauroux, terrassement Fr\u00e9d\u00e9ric Demierre, ma\u00e7onnerie Bruno et Vincent Gachet SA, charpente-menuiserie Charly Vuarnoz, \u00e9lectricit\u00e9 Yvan Mauroux, chauffage Emmanuel Clerc, sanitaire St\u00e9phane Clerc, &hellip; Link weiterlesen &rarr;","og_url":"https:\/\/www.aux-4-elements.ch\/de\/link\/","og_site_name":"Aux 4 \u00e9l\u00e9ments","article_modified_time":"2019-04-25T08:39:45+00:00","twitter_card":"summary_large_image","schema":{"@context":"https:\/\/schema.org","@graph":[{"@type":"WebPage","@id":"https:\/\/www.aux-4-elements.ch\/de\/link\/","url":"https:\/\/www.aux-4-elements.ch\/de\/link\/","name":"Link - Aux 4 \u00e9l\u00e9ments","isPartOf":{"@id":"https:\/\/www.aux-4-elements.ch\/de\/#website"},"datePublished":"2017-03-01T09:25:17+00:00","dateModified":"2019-04-25T08:39:45+00:00","breadcrumb":{"@id":"https:\/\/www.aux-4-elements.ch\/de\/link\/#breadcrumb"},"inLanguage":"de","potentialAction":[{"@type":"ReadAction","target":["https:\/\/www.aux-4-elements.ch\/de\/link\/"]}]},{"@type":"BreadcrumbList","@id":"https:\/\/www.aux-4-elements.ch\/de\/link\/#breadcrumb","itemListElement":[{"@type":"ListItem","position":1,"name":"Accueil","item":"https:\/\/www.aux-4-elements.ch\/de\/"},{"@type":"ListItem","position":2,"name":"Link"}]},{"@type":"WebSite","@id":"https:\/\/www.aux-4-elements.ch\/de\/#website","url":"https:\/\/www.aux-4-elements.ch\/de\/","name":"Aux 4 \u00e9l\u00e9ments","description":"Chambres d&#039;h\u00f4tes","potentialAction":[{"@type":"SearchAction","target":{"@type":"EntryPoint","urlTemplate":"https:\/\/www.aux-4-elements.ch\/de\/?s={search_term_string}"},"query-input":{"@type":"PropertyValueSpecification","valueRequired":true,"valueName":"search_term_string"}}],"inLanguage":"de"}]}},"_links":{"self":[{"href":"https:\/\/www.aux-4-elements.ch\/de\/wp-json\/wp\/v2\/pages\/131","targetHints":{"allow":["GET"]}}],"collection":[{"href":"https:\/\/www.aux-4-elements.ch\/de\/wp-json\/wp\/v2\/pages"}],"about":[{"href":"https:\/\/www.aux-4-elements.ch\/de\/wp-json\/wp\/v2\/types\/page"}],"author":[{"embeddable":true,"href":"https:\/\/www.aux-4-elements.ch\/de\/wp-json\/wp\/v2\/users\/5"}],"replies":[{"embeddable":true,"href":"https:\/\/www.aux-4-elements.ch\/de\/wp-json\/wp\/v2\/comments?post=131"}],"version-history":[{"count":0,"href":"https:\/\/www.aux-4-elements.ch\/de\/wp-json\/wp\/v2\/pages\/131\/revisions"}],"wp:attachment":[{"href":"https:\/\/www.aux-4-elements.ch\/de\/wp-json\/wp\/v2\/media?parent=131"}],"curies":[{"name":"wp","href":"https:\/\/api.w.org\/{rel}","templated":true}]}}