{"id":125,"date":"2019-03-13T16:04:02","date_gmt":"2019-03-13T15:04:02","guid":{"rendered":"http:\/\/aux-4-elements.ch\/2017\/?page_id=125"},"modified":"2026-02-24T15:24:21","modified_gmt":"2026-02-24T14:24:21","slug":"schwimmbad","status":"publish","type":"page","link":"https:\/\/www.aux-4-elements.ch\/de\/therapeutischer-bereich\/schwimmbad\/","title":{"rendered":"Schwimmbad"},"content":{"rendered":"\n<p class=\"has-text-color has-background\" style=\"color:#f7182b;background-color:#c8fedb\">Becken 2.50 x 5 Meter, D\u00fcsen, Gegenstromschwimmanlage, Wassertemperatur 32 Grad.<br><br>Bitte erkundigen Sie sich \u00fcber unsere Angebote:<br><br>&#8211; Einzeleintritt, mit oder ohne Fahrrad, Reservierung erforderlich<br>&#8211; Aquabike, Aquagym, mit oder ohne Animateur, Anmeldung erforderlich (maximum 4 Personen pro Kurs).<br>&#8211; Rund (Laufband, Jump)<\/p>\n\n\n\n<h2 class=\"wp-block-heading\"><strong>Schwimmbad Tarife<\/strong><\/h2>\n\n\n\n<ul class=\"wp-block-list\">\n<li>Einzeleintritt (<strong>1 Stunde, <em>Kinder unter 14 Jahre nur in Begleitung eines Erwachsenen)<\/em><\/strong><br> 13.- CHF ohne Velo \/ 16.- CHF mit Velo, Laufband, Jump<\/li>\n\n\n\n<li>Kinder bis 10 Jahre 4.- CHF \u2013 Erm\u00e4ssigung<\/li>\n<\/ul>\n\n\n\n<ul class=\"wp-block-list\">\n<li>Kurs mit Animation \u2013 (45 min. pro Lektion) :<br> Aquabike                                        35.- CHF \/ mit Video : 30.- CHF<br> Aquagym                                        &#8211;                \/ mit Video : 22.- CHF<br> Fahrrad ohne Video, Jump    16.- CHF<br>Laufband                                        19.- CHF<\/li>\n<\/ul>\n","protected":false},"excerpt":{"rendered":"<p>Becken 2.50 x 5 Meter, D\u00fcsen, Gegenstromschwimmanlage, Wassertemperatur 32 Grad. Bitte erkundigen Sie sich \u00fcber unsere Angebote: &#8211; Einzeleintritt, mit oder ohne Fahrrad, Reservierung erforderlich&#8211; Aquabike, Aquagym, mit oder ohne Animateur, Anmeldung erforderlich (maximum 4 Personen pro Kurs).&#8211; Rund (Laufband, Jump) Schwimmbad Tarife<\/p>\n","protected":false},"author":5,"featured_media":0,"parent":376,"menu_order":0,"comment_status":"closed","ping_status":"closed","template":"","meta":{"_acf_changed":false,"_monsterinsights_skip_tracking":false,"_monsterinsights_sitenote_active":false,"_monsterinsights_sitenote_note":"","_monsterinsights_sitenote_category":0,"ngg_post_thumbnail":0,"footnotes":""},"class_list":["post-125","page","type-page","status-publish","hentry"],"acf":[],"yoast_head":"<!-- This site is optimized with the Yoast SEO plugin v27.3 - https:\/\/yoast.com\/product\/yoast-seo-wordpress\/ -->\n<title>Schwimmbad - Aux 4 \u00e9l\u00e9ments<\/title>\n<meta name=\"robots\" content=\"index, follow, max-snippet:-1, max-image-preview:large, max-video-preview:-1\" \/>\n<link rel=\"canonical\" href=\"https:\/\/www.aux-4-elements.ch\/de\/therapeutischer-bereich\/schwimmbad\/\" \/>\n<meta property=\"og:locale\" content=\"de_DE\" \/>\n<meta property=\"og:type\" content=\"article\" \/>\n<meta property=\"og:title\" content=\"Schwimmbad - Aux 4 \u00e9l\u00e9ments\" \/>\n<meta property=\"og:description\" content=\"Becken 2.50 x 5 Meter, D\u00fcsen, Gegenstromschwimmanlage, Wassertemperatur 32 Grad. Bitte erkundigen Sie sich \u00fcber unsere Angebote: &#8211; Einzeleintritt, mit oder ohne Fahrrad, Reservierung erforderlich&#8211; Aquabike, Aquagym, mit oder ohne Animateur, Anmeldung erforderlich (maximum 4 Personen pro Kurs).&#8211; Rund (Laufband, Jump) Schwimmbad Tarife\" \/>\n<meta property=\"og:url\" content=\"https:\/\/www.aux-4-elements.ch\/de\/therapeutischer-bereich\/schwimmbad\/\" \/>\n<meta property=\"og:site_name\" content=\"Aux 4 \u00e9l\u00e9ments\" \/>\n<meta property=\"article:modified_time\" content=\"2026-02-24T14:24:21+00:00\" \/>\n<meta name=\"twitter:card\" content=\"summary_large_image\" \/>\n<meta name=\"twitter:label1\" content=\"Gesch\u00e4tzte Lesezeit\" \/>\n\t<meta name=\"twitter:data1\" content=\"1\u00a0Minute\" \/>\n<script type=\"application\/ld+json\" class=\"yoast-schema-graph\">{\"@context\":\"https:\\\/\\\/schema.org\",\"@graph\":[{\"@type\":\"WebPage\",\"@id\":\"https:\\\/\\\/www.aux-4-elements.ch\\\/de\\\/therapeutischer-bereich\\\/schwimmbad\\\/\",\"url\":\"https:\\\/\\\/www.aux-4-elements.ch\\\/de\\\/therapeutischer-bereich\\\/schwimmbad\\\/\",\"name\":\"Schwimmbad - Aux 4 \u00e9l\u00e9ments\",\"isPartOf\":{\"@id\":\"https:\\\/\\\/www.aux-4-elements.ch\\\/de\\\/#website\"},\"datePublished\":\"2019-03-13T15:04:02+00:00\",\"dateModified\":\"2026-02-24T14:24:21+00:00\",\"breadcrumb\":{\"@id\":\"https:\\\/\\\/www.aux-4-elements.ch\\\/de\\\/therapeutischer-bereich\\\/schwimmbad\\\/#breadcrumb\"},\"inLanguage\":\"de\",\"potentialAction\":[{\"@type\":\"ReadAction\",\"target\":[\"https:\\\/\\\/www.aux-4-elements.ch\\\/de\\\/therapeutischer-bereich\\\/schwimmbad\\\/\"]}]},{\"@type\":\"BreadcrumbList\",\"@id\":\"https:\\\/\\\/www.aux-4-elements.ch\\\/de\\\/therapeutischer-bereich\\\/schwimmbad\\\/#breadcrumb\",\"itemListElement\":[{\"@type\":\"ListItem\",\"position\":1,\"name\":\"Accueil\",\"item\":\"https:\\\/\\\/www.aux-4-elements.ch\\\/de\\\/\"},{\"@type\":\"ListItem\",\"position\":2,\"name\":\"Therapeutischer Bereich\",\"item\":\"https:\\\/\\\/www.aux-4-elements.ch\\\/de\\\/therapeutischer-bereich\\\/\"},{\"@type\":\"ListItem\",\"position\":3,\"name\":\"Schwimmbad\"}]},{\"@type\":\"WebSite\",\"@id\":\"https:\\\/\\\/www.aux-4-elements.ch\\\/de\\\/#website\",\"url\":\"https:\\\/\\\/www.aux-4-elements.ch\\\/de\\\/\",\"name\":\"Aux 4 \u00e9l\u00e9ments\",\"description\":\"Chambres d&#039;h\u00f4tes\",\"potentialAction\":[{\"@type\":\"SearchAction\",\"target\":{\"@type\":\"EntryPoint\",\"urlTemplate\":\"https:\\\/\\\/www.aux-4-elements.ch\\\/de\\\/?s={search_term_string}\"},\"query-input\":{\"@type\":\"PropertyValueSpecification\",\"valueRequired\":true,\"valueName\":\"search_term_string\"}}],\"inLanguage\":\"de\"}]}<\/script>\n<!-- \/ Yoast SEO plugin. -->","yoast_head_json":{"title":"Schwimmbad - Aux 4 \u00e9l\u00e9ments","robots":{"index":"index","follow":"follow","max-snippet":"max-snippet:-1","max-image-preview":"max-image-preview:large","max-video-preview":"max-video-preview:-1"},"canonical":"https:\/\/www.aux-4-elements.ch\/de\/therapeutischer-bereich\/schwimmbad\/","og_locale":"de_DE","og_type":"article","og_title":"Schwimmbad - Aux 4 \u00e9l\u00e9ments","og_description":"Becken 2.50 x 5 Meter, D\u00fcsen, Gegenstromschwimmanlage, Wassertemperatur 32 Grad. Bitte erkundigen Sie sich \u00fcber unsere Angebote: &#8211; Einzeleintritt, mit oder ohne Fahrrad, Reservierung erforderlich&#8211; Aquabike, Aquagym, mit oder ohne Animateur, Anmeldung erforderlich (maximum 4 Personen pro Kurs).&#8211; Rund (Laufband, Jump) Schwimmbad Tarife","og_url":"https:\/\/www.aux-4-elements.ch\/de\/therapeutischer-bereich\/schwimmbad\/","og_site_name":"Aux 4 \u00e9l\u00e9ments","article_modified_time":"2026-02-24T14:24:21+00:00","twitter_card":"summary_large_image","twitter_misc":{"Gesch\u00e4tzte Lesezeit":"1\u00a0Minute"},"schema":{"@context":"https:\/\/schema.org","@graph":[{"@type":"WebPage","@id":"https:\/\/www.aux-4-elements.ch\/de\/therapeutischer-bereich\/schwimmbad\/","url":"https:\/\/www.aux-4-elements.ch\/de\/therapeutischer-bereich\/schwimmbad\/","name":"Schwimmbad - Aux 4 \u00e9l\u00e9ments","isPartOf":{"@id":"https:\/\/www.aux-4-elements.ch\/de\/#website"},"datePublished":"2019-03-13T15:04:02+00:00","dateModified":"2026-02-24T14:24:21+00:00","breadcrumb":{"@id":"https:\/\/www.aux-4-elements.ch\/de\/therapeutischer-bereich\/schwimmbad\/#breadcrumb"},"inLanguage":"de","potentialAction":[{"@type":"ReadAction","target":["https:\/\/www.aux-4-elements.ch\/de\/therapeutischer-bereich\/schwimmbad\/"]}]},{"@type":"BreadcrumbList","@id":"https:\/\/www.aux-4-elements.ch\/de\/therapeutischer-bereich\/schwimmbad\/#breadcrumb","itemListElement":[{"@type":"ListItem","position":1,"name":"Accueil","item":"https:\/\/www.aux-4-elements.ch\/de\/"},{"@type":"ListItem","position":2,"name":"Therapeutischer Bereich","item":"https:\/\/www.aux-4-elements.ch\/de\/therapeutischer-bereich\/"},{"@type":"ListItem","position":3,"name":"Schwimmbad"}]},{"@type":"WebSite","@id":"https:\/\/www.aux-4-elements.ch\/de\/#website","url":"https:\/\/www.aux-4-elements.ch\/de\/","name":"Aux 4 \u00e9l\u00e9ments","description":"Chambres d&#039;h\u00f4tes","potentialAction":[{"@type":"SearchAction","target":{"@type":"EntryPoint","urlTemplate":"https:\/\/www.aux-4-elements.ch\/de\/?s={search_term_string}"},"query-input":{"@type":"PropertyValueSpecification","valueRequired":true,"valueName":"search_term_string"}}],"inLanguage":"de"}]}},"_links":{"self":[{"href":"https:\/\/www.aux-4-elements.ch\/de\/wp-json\/wp\/v2\/pages\/125","targetHints":{"allow":["GET"]}}],"collection":[{"href":"https:\/\/www.aux-4-elements.ch\/de\/wp-json\/wp\/v2\/pages"}],"about":[{"href":"https:\/\/www.aux-4-elements.ch\/de\/wp-json\/wp\/v2\/types\/page"}],"author":[{"embeddable":true,"href":"https:\/\/www.aux-4-elements.ch\/de\/wp-json\/wp\/v2\/users\/5"}],"replies":[{"embeddable":true,"href":"https:\/\/www.aux-4-elements.ch\/de\/wp-json\/wp\/v2\/comments?post=125"}],"version-history":[{"count":2,"href":"https:\/\/www.aux-4-elements.ch\/de\/wp-json\/wp\/v2\/pages\/125\/revisions"}],"predecessor-version":[{"id":1037,"href":"https:\/\/www.aux-4-elements.ch\/de\/wp-json\/wp\/v2\/pages\/125\/revisions\/1037"}],"up":[{"embeddable":true,"href":"https:\/\/www.aux-4-elements.ch\/de\/wp-json\/wp\/v2\/pages\/376"}],"wp:attachment":[{"href":"https:\/\/www.aux-4-elements.ch\/de\/wp-json\/wp\/v2\/media?parent=125"}],"curies":[{"name":"wp","href":"https:\/\/api.w.org\/{rel}","templated":true}]}}