{"id":121,"date":"2017-03-01T10:23:21","date_gmt":"2017-03-01T09:23:21","guid":{"rendered":"http:\/\/aux-4-elements.ch\/2017\/hebergement\/"},"modified":"2026-02-03T15:58:35","modified_gmt":"2026-02-03T14:58:35","slug":"gastezimmer","status":"publish","type":"page","link":"https:\/\/www.aux-4-elements.ch\/de\/gastezimmer\/","title":{"rendered":"G\u00e4stezimmer"},"content":{"rendered":"<p>Unser Haus verf\u00fcgt \u00fcber 2 G\u00e4stezimmer, mit 2 bis 4 Betten. Den G\u00e4sten steht eine Gemeinschaftsk\u00fcche, sowie 2 Badezimmer, eines davon f\u00fcr Menschen mit eingeschr\u00e4nkter Mobilit\u00e4t, zur Verf\u00fcgung.<\/p>\n<p>Tarife, Fr\u00fchst\u00fcck inbegriffen, pro Nacht \/ pro Zimmer (zuz\u00fcgl.Kurtaxe) :<\/p>\n<table style=\"width: 100.158%; height: 105px;\">\n<tbody>\n<tr style=\"height: 29px;\">\n<td style=\"height: 29px;\">Doppelzimmmer<\/td>\n<td style=\"text-align: right; height: 29px;\">65.- bis 120.- CHF&nbsp;<\/td>\n<\/tr>\n<tr style=\"height: 57px;\">\n<td style=\"height: 57px;\">Vierbettzimmer (privates Bad)<br \/>\n<em>(+eventuel Zusatzbett )<\/em><\/td>\n<td style=\"text-align: right; height: 57px;\">65.- bis 190.- CHF&nbsp;<br \/>\n<em>(+Zusatzbett : 30.-)<\/em><\/td>\n<\/tr>\n<tr style=\"height: 19px;\">\n<td style=\"height: 19px;\">Eintritt ins Bad f\u00fcr G\u00e4ste<br \/>\nHund akzeptiert<\/td>\n<td style=\"text-align: right; height: 19px;\">CHF 10.- <em>(Vorreservation bevorzugt)<br \/>\n<\/em>8.- CHF \/ pro Nacht <em>(mit Voranmeldung)<\/em><\/td>\n<\/tr>\n<\/tbody>\n<\/table>\n<p>Rabatt beim Vorzeigen des <strong>Pilgerpasses<\/strong>.<br \/>\nLangzeitvermietung f\u00fcr eine Woche oder Monat m\u00f6glich auf Anfrage.<\/p>\n<p>W-LAN Gratis \u2013 Vorauszahlung per E-Banking,&nbsp; TWINT oder Barzahlung, keine Kredit-oder Bankkarten.<\/p>\n<p>Mitglied des: &nbsp;Tourismusb\u00fcro Freiburg <a href=\"http:\/\/www.fribourgtourisme.ch\" target=\"_blank\" rel=\"noopener noreferrer\">www.fribourgtourisme.ch<\/a> und Romont <a href=\"http:\/\/www.romontregion.ch\" target=\"_blank\" rel=\"noopener noreferrer\">www.romontregion.ch<\/a><\/p>\n<p>&nbsp;<\/p>\n<p>&nbsp;<\/p>\n","protected":false},"excerpt":{"rendered":"<p>Unser Haus verf\u00fcgt \u00fcber 2 G\u00e4stezimmer, mit 2 bis 4 Betten. Den G\u00e4sten steht eine Gemeinschaftsk\u00fcche, sowie 2 Badezimmer, eines davon f\u00fcr Menschen mit eingeschr\u00e4nkter Mobilit\u00e4t, zur Verf\u00fcgung. Tarife, Fr\u00fchst\u00fcck inbegriffen, pro Nacht \/ pro Zimmer (zuz\u00fcgl.Kurtaxe) : Doppelzimmmer 65.- bis 120.- CHF&nbsp; Vierbettzimmer (privates Bad) (+eventuel Zusatzbett ) 65.- bis 190.- CHF&nbsp; (+Zusatzbett : &hellip; <a href=\"https:\/\/www.aux-4-elements.ch\/de\/gastezimmer\/\" class=\"more-link\"><span class=\"screen-reader-text\">G\u00e4stezimmer<\/span> weiterlesen <span class=\"meta-nav\">&rarr;<\/span><\/a><\/p>\n","protected":false},"author":5,"featured_media":0,"parent":0,"menu_order":0,"comment_status":"closed","ping_status":"closed","template":"page-hebergement.php","meta":{"_acf_changed":false,"_monsterinsights_skip_tracking":false,"_monsterinsights_sitenote_active":false,"_monsterinsights_sitenote_note":"","_monsterinsights_sitenote_category":0,"ngg_post_thumbnail":0,"footnotes":""},"class_list":["post-121","page","type-page","status-publish","hentry"],"acf":[],"yoast_head":"<!-- This site is optimized with the Yoast SEO plugin v27.4 - https:\/\/yoast.com\/product\/yoast-seo-wordpress\/ -->\n<title>G\u00e4stezimmer - Aux 4 \u00e9l\u00e9ments<\/title>\n<meta name=\"robots\" content=\"index, follow, max-snippet:-1, max-image-preview:large, max-video-preview:-1\" \/>\n<link rel=\"canonical\" href=\"https:\/\/www.aux-4-elements.ch\/de\/gastezimmer\/\" \/>\n<meta property=\"og:locale\" content=\"de_DE\" \/>\n<meta property=\"og:type\" content=\"article\" \/>\n<meta property=\"og:title\" content=\"G\u00e4stezimmer - Aux 4 \u00e9l\u00e9ments\" \/>\n<meta property=\"og:description\" content=\"Unser Haus verf\u00fcgt \u00fcber 2 G\u00e4stezimmer, mit 2 bis 4 Betten. Den G\u00e4sten steht eine Gemeinschaftsk\u00fcche, sowie 2 Badezimmer, eines davon f\u00fcr Menschen mit eingeschr\u00e4nkter Mobilit\u00e4t, zur Verf\u00fcgung. Tarife, Fr\u00fchst\u00fcck inbegriffen, pro Nacht \/ pro Zimmer (zuz\u00fcgl.Kurtaxe) : Doppelzimmmer 65.- bis 120.- CHF&nbsp; Vierbettzimmer (privates Bad) (+eventuel Zusatzbett ) 65.- bis 190.- CHF&nbsp; (+Zusatzbett : &hellip; G\u00e4stezimmer weiterlesen &rarr;\" \/>\n<meta property=\"og:url\" content=\"https:\/\/www.aux-4-elements.ch\/de\/gastezimmer\/\" \/>\n<meta property=\"og:site_name\" content=\"Aux 4 \u00e9l\u00e9ments\" \/>\n<meta property=\"article:modified_time\" content=\"2026-02-03T14:58:35+00:00\" \/>\n<meta name=\"twitter:card\" content=\"summary_large_image\" \/>\n<meta name=\"twitter:label1\" content=\"Gesch\u00e4tzte Lesezeit\" \/>\n\t<meta name=\"twitter:data1\" content=\"2\u00a0Minuten\" \/>\n<script type=\"application\/ld+json\" class=\"yoast-schema-graph\">{\"@context\":\"https:\\\/\\\/schema.org\",\"@graph\":[{\"@type\":\"WebPage\",\"@id\":\"https:\\\/\\\/www.aux-4-elements.ch\\\/de\\\/gastezimmer\\\/\",\"url\":\"https:\\\/\\\/www.aux-4-elements.ch\\\/de\\\/gastezimmer\\\/\",\"name\":\"G\u00e4stezimmer - Aux 4 \u00e9l\u00e9ments\",\"isPartOf\":{\"@id\":\"https:\\\/\\\/www.aux-4-elements.ch\\\/de\\\/#website\"},\"datePublished\":\"2017-03-01T09:23:21+00:00\",\"dateModified\":\"2026-02-03T14:58:35+00:00\",\"breadcrumb\":{\"@id\":\"https:\\\/\\\/www.aux-4-elements.ch\\\/de\\\/gastezimmer\\\/#breadcrumb\"},\"inLanguage\":\"de\",\"potentialAction\":[{\"@type\":\"ReadAction\",\"target\":[\"https:\\\/\\\/www.aux-4-elements.ch\\\/de\\\/gastezimmer\\\/\"]}]},{\"@type\":\"BreadcrumbList\",\"@id\":\"https:\\\/\\\/www.aux-4-elements.ch\\\/de\\\/gastezimmer\\\/#breadcrumb\",\"itemListElement\":[{\"@type\":\"ListItem\",\"position\":1,\"name\":\"Accueil\",\"item\":\"https:\\\/\\\/www.aux-4-elements.ch\\\/de\\\/\"},{\"@type\":\"ListItem\",\"position\":2,\"name\":\"G\u00e4stezimmer\"}]},{\"@type\":\"WebSite\",\"@id\":\"https:\\\/\\\/www.aux-4-elements.ch\\\/de\\\/#website\",\"url\":\"https:\\\/\\\/www.aux-4-elements.ch\\\/de\\\/\",\"name\":\"Aux 4 \u00e9l\u00e9ments\",\"description\":\"Chambres d&#039;h\u00f4tes\",\"potentialAction\":[{\"@type\":\"SearchAction\",\"target\":{\"@type\":\"EntryPoint\",\"urlTemplate\":\"https:\\\/\\\/www.aux-4-elements.ch\\\/de\\\/?s={search_term_string}\"},\"query-input\":{\"@type\":\"PropertyValueSpecification\",\"valueRequired\":true,\"valueName\":\"search_term_string\"}}],\"inLanguage\":\"de\"}]}<\/script>\n<!-- \/ Yoast SEO plugin. -->","yoast_head_json":{"title":"G\u00e4stezimmer - Aux 4 \u00e9l\u00e9ments","robots":{"index":"index","follow":"follow","max-snippet":"max-snippet:-1","max-image-preview":"max-image-preview:large","max-video-preview":"max-video-preview:-1"},"canonical":"https:\/\/www.aux-4-elements.ch\/de\/gastezimmer\/","og_locale":"de_DE","og_type":"article","og_title":"G\u00e4stezimmer - Aux 4 \u00e9l\u00e9ments","og_description":"Unser Haus verf\u00fcgt \u00fcber 2 G\u00e4stezimmer, mit 2 bis 4 Betten. Den G\u00e4sten steht eine Gemeinschaftsk\u00fcche, sowie 2 Badezimmer, eines davon f\u00fcr Menschen mit eingeschr\u00e4nkter Mobilit\u00e4t, zur Verf\u00fcgung. Tarife, Fr\u00fchst\u00fcck inbegriffen, pro Nacht \/ pro Zimmer (zuz\u00fcgl.Kurtaxe) : Doppelzimmmer 65.- bis 120.- CHF&nbsp; Vierbettzimmer (privates Bad) (+eventuel Zusatzbett ) 65.- bis 190.- CHF&nbsp; (+Zusatzbett : &hellip; G\u00e4stezimmer weiterlesen &rarr;","og_url":"https:\/\/www.aux-4-elements.ch\/de\/gastezimmer\/","og_site_name":"Aux 4 \u00e9l\u00e9ments","article_modified_time":"2026-02-03T14:58:35+00:00","twitter_card":"summary_large_image","twitter_misc":{"Gesch\u00e4tzte Lesezeit":"2\u00a0Minuten"},"schema":{"@context":"https:\/\/schema.org","@graph":[{"@type":"WebPage","@id":"https:\/\/www.aux-4-elements.ch\/de\/gastezimmer\/","url":"https:\/\/www.aux-4-elements.ch\/de\/gastezimmer\/","name":"G\u00e4stezimmer - Aux 4 \u00e9l\u00e9ments","isPartOf":{"@id":"https:\/\/www.aux-4-elements.ch\/de\/#website"},"datePublished":"2017-03-01T09:23:21+00:00","dateModified":"2026-02-03T14:58:35+00:00","breadcrumb":{"@id":"https:\/\/www.aux-4-elements.ch\/de\/gastezimmer\/#breadcrumb"},"inLanguage":"de","potentialAction":[{"@type":"ReadAction","target":["https:\/\/www.aux-4-elements.ch\/de\/gastezimmer\/"]}]},{"@type":"BreadcrumbList","@id":"https:\/\/www.aux-4-elements.ch\/de\/gastezimmer\/#breadcrumb","itemListElement":[{"@type":"ListItem","position":1,"name":"Accueil","item":"https:\/\/www.aux-4-elements.ch\/de\/"},{"@type":"ListItem","position":2,"name":"G\u00e4stezimmer"}]},{"@type":"WebSite","@id":"https:\/\/www.aux-4-elements.ch\/de\/#website","url":"https:\/\/www.aux-4-elements.ch\/de\/","name":"Aux 4 \u00e9l\u00e9ments","description":"Chambres d&#039;h\u00f4tes","potentialAction":[{"@type":"SearchAction","target":{"@type":"EntryPoint","urlTemplate":"https:\/\/www.aux-4-elements.ch\/de\/?s={search_term_string}"},"query-input":{"@type":"PropertyValueSpecification","valueRequired":true,"valueName":"search_term_string"}}],"inLanguage":"de"}]}},"_links":{"self":[{"href":"https:\/\/www.aux-4-elements.ch\/de\/wp-json\/wp\/v2\/pages\/121","targetHints":{"allow":["GET"]}}],"collection":[{"href":"https:\/\/www.aux-4-elements.ch\/de\/wp-json\/wp\/v2\/pages"}],"about":[{"href":"https:\/\/www.aux-4-elements.ch\/de\/wp-json\/wp\/v2\/types\/page"}],"author":[{"embeddable":true,"href":"https:\/\/www.aux-4-elements.ch\/de\/wp-json\/wp\/v2\/users\/5"}],"replies":[{"embeddable":true,"href":"https:\/\/www.aux-4-elements.ch\/de\/wp-json\/wp\/v2\/comments?post=121"}],"version-history":[{"count":2,"href":"https:\/\/www.aux-4-elements.ch\/de\/wp-json\/wp\/v2\/pages\/121\/revisions"}],"predecessor-version":[{"id":1025,"href":"https:\/\/www.aux-4-elements.ch\/de\/wp-json\/wp\/v2\/pages\/121\/revisions\/1025"}],"wp:attachment":[{"href":"https:\/\/www.aux-4-elements.ch\/de\/wp-json\/wp\/v2\/media?parent=121"}],"curies":[{"name":"wp","href":"https:\/\/api.w.org\/{rel}","templated":true}]}}